{"id":34,"date":"2020-11-10T04:54:41","date_gmt":"2020-11-10T02:54:41","guid":{"rendered":"https:\/\/itguard.cz\/?page_id=34"},"modified":"2020-11-10T07:09:21","modified_gmt":"2020-11-10T05:09:21","slug":"kontakt","status":"publish","type":"page","link":"https:\/\/itguard.cz\/","title":{"rendered":"Kontakt"},"content":{"rendered":"\n<p><strong>Vladim\u00edr St\u00e1rek<\/strong><\/p>\n\n\n\n<p>Lou\u010dky 14<\/p>\n\n\n\n<p>565 01 Svat\u00fd Ji\u0159\u00ed<\/p>\n\n\n\n<p>Mobil: +420 775 696 310 <\/p>\n\n\n\n<p>I\u010cO: 09418784<\/p>\n","protected":false},"excerpt":{"rendered":"<p>Vladim\u00edr St\u00e1rek Lou\u010dky 14 565 01 Svat\u00fd Ji\u0159\u00ed Mobil: +420 775 696 310 I\u010cO: 09418784<\/p>\n","protected":false},"author":1,"featured_media":0,"parent":0,"menu_order":0,"comment_status":"closed","ping_status":"closed","template":"","meta":[],"_links":{"self":[{"href":"https:\/\/itguard.cz\/index.php\/wp-json\/wp\/v2\/pages\/34"}],"collection":[{"href":"https:\/\/itguard.cz\/index.php\/wp-json\/wp\/v2\/pages"}],"about":[{"href":"https:\/\/itguard.cz\/index.php\/wp-json\/wp\/v2\/types\/page"}],"author":[{"embeddable":true,"href":"https:\/\/itguard.cz\/index.php\/wp-json\/wp\/v2\/users\/1"}],"replies":[{"embeddable":true,"href":"https:\/\/itguard.cz\/index.php\/wp-json\/wp\/v2\/comments?post=34"}],"version-history":[{"count":4,"href":"https:\/\/itguard.cz\/index.php\/wp-json\/wp\/v2\/pages\/34\/revisions"}],"predecessor-version":[{"id":65,"href":"https:\/\/itguard.cz\/index.php\/wp-json\/wp\/v2\/pages\/34\/revisions\/65"}],"wp:attachment":[{"href":"https:\/\/itguard.cz\/index.php\/wp-json\/wp\/v2\/media?parent=34"}],"curies":[{"name":"wp","href":"https:\/\/api.w.org\/{rel}","templated":true}]}}